{"id":27,"date":"2026-04-06T04:37:50","date_gmt":"2026-04-06T04:37:50","guid":{"rendered":"https:\/\/motormind.cl\/?page_id=27"},"modified":"2026-04-11T18:32:04","modified_gmt":"2026-04-11T18:32:04","slug":"catalogos","status":"publish","type":"page","link":"https:\/\/motormind.cl\/index.php\/catalogos\/","title":{"rendered":"Cat\u00e1logos"},"content":{"rendered":"\n<h2 class=\"wp-block-heading\"><strong>Cat\u00e1logo de Izaje<\/strong><\/h2>\n\n\n\n<div class=\"wp-block-buttons is-layout-flex wp-block-buttons-is-layout-flex\">\n<div class=\"wp-block-button\"><a class=\"wp-block-button__link wp-element-button\" href=\"https:\/\/motormind.cl\/wp-content\/uploads\/2026\/04\/CATALOGO-IZAJE-MOTORMIND.pdf\">VER CAT\u00c1LOGO<\/a><\/div>\n\n\n<\/div>\n\n\n\n<h2 class=\"wp-block-heading has-text-align-left\"><strong>Cat\u00e1logo de Seguridad en Altura<\/strong><\/h2>\n\n\n\n<div class=\"wp-block-buttons is-content-justification-left is-layout-flex wp-container-core-buttons-is-layout-fdcfc74e wp-block-buttons-is-layout-flex\">\n<div class=\"wp-block-button\"><a class=\"wp-block-button__link wp-element-button\" href=\"https:\/\/motormind.cl\/wp-content\/uploads\/2026\/04\/CATALOGO-SEGURIDAD-EN-ALTURA-MOTORMIND-2026.pdf\">VER CAT\u00c1LOGO<\/a><\/div>\n<\/div>\n\n\n\n<p class=\"has-text-align-center\">Nuestros cat\u00e1logos re\u00fanen una completa selecci\u00f3n de soluciones en izaje y seguridad en altura, dise\u00f1adas para cumplir con los m\u00e1s altos est\u00e1ndares de la industria. Trabajamos con productos de calidad certificada, destacando l\u00edneas como <strong>Jaguar Strong Lifting<\/strong>, reconocida por su resistencia, confiabilidad y desempe\u00f1o en entornos exigentes como miner\u00eda, construcci\u00f3n y operaciones industriales. Aqu\u00ed encontrar\u00e1s especificaciones t\u00e9cnicas, capacidades de carga y caracter\u00edsticas clave para tomar decisiones seguras y eficientes.<\/p>\n","protected":false},"excerpt":{"rendered":"<p>Cat\u00e1logo de Izaje Cat\u00e1logo de Seguridad en Altura Nuestros cat\u00e1logos re\u00fanen una completa selecci\u00f3n de soluciones en izaje y seguridad en altura, dise\u00f1adas para cumplir con los m\u00e1s altos est\u00e1ndares de la industria. Trabajamos con productos de calidad certificada, destacando l\u00edneas como Jaguar Strong Lifting, reconocida por su resistencia, confiabilidad y desempe\u00f1o en entornos exigentes [&hellip;]<\/p>\n","protected":false},"author":1,"featured_media":0,"parent":0,"menu_order":0,"comment_status":"closed","ping_status":"closed","template":"","meta":{"footnotes":""},"class_list":["post-27","page","type-page","status-publish","hentry"],"_links":{"self":[{"href":"https:\/\/motormind.cl\/index.php\/wp-json\/wp\/v2\/pages\/27","targetHints":{"allow":["GET"]}}],"collection":[{"href":"https:\/\/motormind.cl\/index.php\/wp-json\/wp\/v2\/pages"}],"about":[{"href":"https:\/\/motormind.cl\/index.php\/wp-json\/wp\/v2\/types\/page"}],"author":[{"embeddable":true,"href":"https:\/\/motormind.cl\/index.php\/wp-json\/wp\/v2\/users\/1"}],"replies":[{"embeddable":true,"href":"https:\/\/motormind.cl\/index.php\/wp-json\/wp\/v2\/comments?post=27"}],"version-history":[{"count":9,"href":"https:\/\/motormind.cl\/index.php\/wp-json\/wp\/v2\/pages\/27\/revisions"}],"predecessor-version":[{"id":60,"href":"https:\/\/motormind.cl\/index.php\/wp-json\/wp\/v2\/pages\/27\/revisions\/60"}],"wp:attachment":[{"href":"https:\/\/motormind.cl\/index.php\/wp-json\/wp\/v2\/media?parent=27"}],"curies":[{"name":"wp","href":"https:\/\/api.w.org\/{rel}","templated":true}]}}