{"id":23,"date":"2026-04-06T04:36:44","date_gmt":"2026-04-06T04:36:44","guid":{"rendered":"https:\/\/motormind.cl\/?page_id=23"},"modified":"2026-04-11T19:00:29","modified_gmt":"2026-04-11T19:00:29","slug":"inicio","status":"publish","type":"page","link":"https:\/\/motormind.cl\/","title":{"rendered":"Inicio"},"content":{"rendered":"\n<h2 class=\"wp-block-heading\">Soluciones en Izaje y Seguridad Industrial<\/h2>\n\n\n\n<p>Equipos certificados para operaciones seguras en miner\u00eda, construcci\u00f3n e industria.<\/p>\n\n\n\n<div class=\"wp-block-buttons is-layout-flex wp-block-buttons-is-layout-flex\">\n<div class=\"wp-block-button\"><a class=\"wp-block-button__link wp-element-button\" href=\"https:\/\/motormind.cl\/index.php\/catalogos\/\">VER CAT\u00c1LOGOS<\/a><\/div>\n<\/div>\n\n\n\n<p>Cont\u00e1ctanos<\/p>\n\n\n\n<div class=\"wp-block-columns is-layout-flex wp-container-core-columns-is-layout-9d6595d7 wp-block-columns-is-layout-flex\">\n<div class=\"wp-block-column is-layout-flow wp-block-column-is-layout-flow\">\n<p>\u2714 Productos certificados<\/p>\n<\/div>\n\n\n\n<div class=\"wp-block-column is-layout-flow wp-block-column-is-layout-flow\">\n<p>\u2714 Asesor\u00eda personalizada<\/p>\n<\/div>\n<\/div>\n\n\n\n<p><\/p>\n","protected":false},"excerpt":{"rendered":"<p>Soluciones en Izaje y Seguridad Industrial Equipos certificados para operaciones seguras en miner\u00eda, construcci\u00f3n e industria. Cont\u00e1ctanos \u2714 Productos certificados \u2714 Asesor\u00eda personalizada<\/p>\n","protected":false},"author":1,"featured_media":0,"parent":0,"menu_order":0,"comment_status":"closed","ping_status":"closed","template":"","meta":{"footnotes":""},"class_list":["post-23","page","type-page","status-publish","hentry"],"_links":{"self":[{"href":"https:\/\/motormind.cl\/index.php\/wp-json\/wp\/v2\/pages\/23","targetHints":{"allow":["GET"]}}],"collection":[{"href":"https:\/\/motormind.cl\/index.php\/wp-json\/wp\/v2\/pages"}],"about":[{"href":"https:\/\/motormind.cl\/index.php\/wp-json\/wp\/v2\/types\/page"}],"author":[{"embeddable":true,"href":"https:\/\/motormind.cl\/index.php\/wp-json\/wp\/v2\/users\/1"}],"replies":[{"embeddable":true,"href":"https:\/\/motormind.cl\/index.php\/wp-json\/wp\/v2\/comments?post=23"}],"version-history":[{"count":12,"href":"https:\/\/motormind.cl\/index.php\/wp-json\/wp\/v2\/pages\/23\/revisions"}],"predecessor-version":[{"id":68,"href":"https:\/\/motormind.cl\/index.php\/wp-json\/wp\/v2\/pages\/23\/revisions\/68"}],"wp:attachment":[{"href":"https:\/\/motormind.cl\/index.php\/wp-json\/wp\/v2\/media?parent=23"}],"curies":[{"name":"wp","href":"https:\/\/api.w.org\/{rel}","templated":true}]}}